{"id":120,"date":"2020-07-21T15:55:40","date_gmt":"2020-07-21T15:55:40","guid":{"rendered":"http:\/\/www.baggeskaer.dk\/?page_id=120"},"modified":"2020-07-21T16:09:10","modified_gmt":"2020-07-21T16:09:10","slug":"rengoering","status":"publish","type":"page","link":"http:\/\/www.baggeskaer.dk\/?page_id=120","title":{"rendered":"Reng\u00f8ring"},"content":{"rendered":"\n<p><strong>Forventet tidsforbrug 10-12 timer.<\/strong><\/p>\n\n\n\n<p>Alle gulve skal st\u00f8vsuges og vaskes. Alle vandrette flader t\u00f8rres af. D\u00f8re, karme, d\u00f8rh\u00e5ndtag og trappegel\u00e6nder aft\u00f8rres. Lodrette flader t\u00f8rres af, hvor de tr\u00e6nger (klaskede myg, fluer og fedtede fingre). Spindelv\u00e6v fejes ned med st\u00f8vekost.<\/p>\n\n\n\n<figure class=\"wp-block-table is-style-regular\"><table><tbody><tr><td><strong>Pool omr\u00e5de<\/strong><\/td><td><br>Hvis ildstedet har v\u00e6ret brugt: Bortskaf asken, st\u00f8vsug og aft\u00f8r ildstedet. <br>Dugen<strong> <\/strong>rulles over vandet.<br>Det t\u00f8rre gulv st\u00f8vsuges.<br>Gulvet vaskes med: Sanisal 22<br>Bord og stole t\u00f8rres af.<br>Vindueslister t\u00f8rres af.<br>Planten vandes. \u00a0<br>   <\/td><td><img loading=\"lazy\" decoding=\"async\" width=\"116\" height=\"144\" src=\"\">&nbsp;&nbsp;&nbsp;&nbsp;&nbsp;&nbsp;&nbsp;&nbsp;&nbsp;&nbsp;<\/td><\/tr><tr><td><strong>Stuen<\/strong><\/td><td><br>Hvis ildstedet har v\u00e6ret brugt, bortskaffes asken og ildstedet st\u00f8vsuges.<br>Gulv, trappe og m\u00f8bler st\u00f8vsuges.<br>Borde og stole t\u00f8rres af.<br>Vindueslister t\u00f8rres af.<br>Gulve og trappe vaskes med st\u00e6rkt fortyndet grundrens.<br> &nbsp; &nbsp; &nbsp;<\/td><td><img loading=\"lazy\" decoding=\"async\" width=\"120\" height=\"150\" src=\"\"><\/td><\/tr><tr><td><strong>K\u00f8kken<\/strong><\/td><td><br>K\u00f8leskab, ovne og kogeplader reng\u00f8res<br>Kaffefilter fjernes og kander skylles<br>Opvaskemaskine t\u00f8mmes og filter renses.<br>K\u00f8kkenl\u00e5gerne t\u00f8rres af.<br>K\u00f8kkenskuffer reng\u00f8res for krummer m.m.<br>K\u00f8kkenbord og vask t\u00f8rres af.<br>Skraldespand t\u00f8mmes.<br>Gulvet st\u00f8vsuges og vaskes i st\u00e6rkt fortyndet grundrens.<br><\/td><td><img loading=\"lazy\" decoding=\"async\" width=\"128\" height=\"154\" src=\"\">&nbsp;&nbsp;&nbsp;&nbsp;&nbsp;&nbsp;&nbsp;&nbsp;&nbsp;&nbsp;&nbsp;&nbsp;&nbsp;&nbsp;&nbsp;&nbsp;&nbsp;&nbsp;&nbsp;&nbsp;&nbsp;&nbsp;&nbsp;<\/td><\/tr><tr><td><strong>Badev\u00e6relser<\/strong><\/td><td><br>Toiletter renses med toiletrens. Husk at skylle efter!<br>Brusekabiner, glasl\u00e5ger og h\u00e5ndvaske reng\u00f8res med st\u00e6rkt fortyndet Sanisal 22<br>Spejle og armaturer t\u00f8rres med en fugtig fiber klud.<br>Flisegulve vaskes med st\u00e6rkt fortyndet Sanisal 22. <br>Skibsplanke tr\u00e6gulve vaskes med Probat.<br>Skraldespande t\u00f8mmes.<br><\/td><td><img loading=\"lazy\" decoding=\"async\" width=\"103\" height=\"128\" src=\"\"><img loading=\"lazy\" decoding=\"async\" width=\"114\" height=\"140\" src=\"\"> <img loading=\"lazy\" decoding=\"async\" width=\"102\" height=\"128\" src=\"\"><\/td><\/tr><tr><td><strong>Sovev\u00e6relser, gang og stuen ovenp\u00e5<\/strong><\/td><td><br>Gulve st\u00f8vsuges<br>Borde m.m. t\u00f8rres af.<br>Hanebj\u00e6lker b\u00f8rstes ned med st\u00f8vkost.<br>Skibsplanke tr\u00e6gulve vaskes med Probat.<br>De andre gulve vaskes med st\u00e6rkt fortyndet grundrens.<br><\/td><td><img loading=\"lazy\" decoding=\"async\" width=\"102\" height=\"136\" src=\"\"><img loading=\"lazy\" decoding=\"async\" width=\"122\" height=\"144\" src=\"\"><\/td><\/tr><tr><td><strong>Udend\u00f8rs<\/strong><\/td><td><br>Borde og stole t\u00f8rres af og s\u00e6ttes p\u00e5 plads. <br>Hynder l\u00e6gges p\u00e5 plads.<br><\/td><td>&nbsp;<\/td><\/tr><tr><td><strong>Vinduer<\/strong><\/td><td><br><strong>LIGE UGER<\/strong> Vinduer pudses indvendig i stueetagen <strong>Eller<\/strong> udvendig i stueetagen. <br><br><strong>ULIGE UGER<\/strong> Vinduerne pudses indvendig p\u00e5 f\u00f8rste sal <strong>Eller<\/strong> udvendig p\u00e5 f\u00f8rste sal.<br><\/td><td><img loading=\"lazy\" decoding=\"async\" width=\"102\" height=\"120\" src=\"\"><img loading=\"lazy\" decoding=\"async\" width=\"125\" height=\"121\" src=\"\"><\/td><\/tr><\/tbody><\/table><\/figure>\n\n\n\n<pre class=\"wp-block-preformatted\"><\/pre>\n","protected":false},"excerpt":{"rendered":"<p>Forventet tidsforbrug 10-12 timer. Alle gulve skal st\u00f8vsuges og vaskes. Alle vandrette flader t\u00f8rres af. D\u00f8re, karme, d\u00f8rh\u00e5ndtag og trappegel\u00e6nder aft\u00f8rres. Lodrette flader t\u00f8rres af, hvor de tr\u00e6nger (klaskede myg, fluer og fedtede fingre). Spindelv\u00e6v fejes ned med st\u00f8vekost. Pool <a href=\"http:\/\/www.baggeskaer.dk\/?page_id=120\" class=\"more-link\">Read More<\/a><\/p>\n","protected":false},"author":1,"featured_media":0,"parent":85,"menu_order":0,"comment_status":"closed","ping_status":"closed","template":"","meta":{"footnotes":""},"class_list":["post-120","page","type-page","status-publish","hentry"],"_links":{"self":[{"href":"http:\/\/www.baggeskaer.dk\/index.php?rest_route=\/wp\/v2\/pages\/120","targetHints":{"allow":["GET"]}}],"collection":[{"href":"http:\/\/www.baggeskaer.dk\/index.php?rest_route=\/wp\/v2\/pages"}],"about":[{"href":"http:\/\/www.baggeskaer.dk\/index.php?rest_route=\/wp\/v2\/types\/page"}],"author":[{"embeddable":true,"href":"http:\/\/www.baggeskaer.dk\/index.php?rest_route=\/wp\/v2\/users\/1"}],"replies":[{"embeddable":true,"href":"http:\/\/www.baggeskaer.dk\/index.php?rest_route=%2Fwp%2Fv2%2Fcomments&post=120"}],"version-history":[{"count":11,"href":"http:\/\/www.baggeskaer.dk\/index.php?rest_route=\/wp\/v2\/pages\/120\/revisions"}],"predecessor-version":[{"id":134,"href":"http:\/\/www.baggeskaer.dk\/index.php?rest_route=\/wp\/v2\/pages\/120\/revisions\/134"}],"up":[{"embeddable":true,"href":"http:\/\/www.baggeskaer.dk\/index.php?rest_route=\/wp\/v2\/pages\/85"}],"wp:attachment":[{"href":"http:\/\/www.baggeskaer.dk\/index.php?rest_route=%2Fwp%2Fv2%2Fmedia&parent=120"}],"curies":[{"name":"wp","href":"https:\/\/api.w.org\/{rel}","templated":true}]}}