{"id":176,"date":"2020-07-22T13:04:06","date_gmt":"2020-07-22T13:04:06","guid":{"rendered":"http:\/\/www.baggeskaer.dk\/?page_id=176"},"modified":"2024-04-01T14:43:19","modified_gmt":"2024-04-01T14:43:19","slug":"omgivelserne","status":"publish","type":"page","link":"http:\/\/www.baggeskaer.dk\/?page_id=176","title":{"rendered":"Omgivelserne"},"content":{"rendered":"\n<p>Vores hus ligger midt i storsl\u00e5et og fantastisk natur. Her er nogle steder i n\u00e6rheden, som I bare m\u00e5 opleve:<\/p>\n\n\n\n<div class=\"wp-block-columns is-layout-flex wp-container-core-columns-is-layout-9d6595d7 wp-block-columns-is-layout-flex\">\n<div class=\"wp-block-column is-layout-flow wp-block-column-is-layout-flow\">\n<figure class=\"wp-block-image size-large\"><a href=\"https:\/\/naturstyrelsen.dk\/find-et-naturomraade\/naturguider\/thy-og-vendsyssel\/bulbjerg\" target=\"_blank\" rel=\"noreferrer noopener\"><img loading=\"lazy\" decoding=\"async\" width=\"1024\" height=\"768\" src=\"http:\/\/www.baggeskaer.dk\/wp-content\/uploads\/2020\/06\/20200409_201939-1024x768.jpg\" alt=\"\" class=\"wp-image-43\"\/><\/a><figcaption class=\"wp-element-caption\">Bulbjerg<\/figcaption><\/figure>\n\n\n\n<figure class=\"wp-block-image size-large\"><img loading=\"lazy\" decoding=\"async\" width=\"1024\" height=\"768\" src=\"http:\/\/www.baggeskaer.dk\/wp-content\/uploads\/2020\/07\/Vigs\u00f8_Strand-1024x768.jpg\" alt=\"\" class=\"wp-image-168\" srcset=\"http:\/\/www.baggeskaer.dk\/wp-content\/uploads\/2020\/07\/Vigs\u00f8_Strand-1024x768.jpg 1024w, http:\/\/www.baggeskaer.dk\/wp-content\/uploads\/2020\/07\/Vigs\u00f8_Strand-300x225.jpg 300w, http:\/\/www.baggeskaer.dk\/wp-content\/uploads\/2020\/07\/Vigs\u00f8_Strand-768x576.jpg 768w, http:\/\/www.baggeskaer.dk\/wp-content\/uploads\/2020\/07\/Vigs\u00f8_Strand-1536x1152.jpg 1536w, http:\/\/www.baggeskaer.dk\/wp-content\/uploads\/2020\/07\/Vigs\u00f8_Strand-2048x1536.jpg 2048w\" sizes=\"auto, (max-width: 1024px) 100vw, 1024px\" \/><figcaption class=\"wp-element-caption\">Vigs\u00f8 strand<\/figcaption><\/figure>\n\n\n\n<figure class=\"wp-block-image size-large\"><img loading=\"lazy\" decoding=\"async\" width=\"560\" height=\"420\" src=\"http:\/\/www.baggeskaer.dk\/wp-content\/uploads\/2020\/07\/\u00d8sterild.jpg\" alt=\"\u00d8sterild Testcenter\" class=\"wp-image-178\" srcset=\"http:\/\/www.baggeskaer.dk\/wp-content\/uploads\/2020\/07\/\u00d8sterild.jpg 560w, http:\/\/www.baggeskaer.dk\/wp-content\/uploads\/2020\/07\/\u00d8sterild-300x225.jpg 300w\" sizes=\"auto, (max-width: 560px) 100vw, 560px\" \/><figcaption class=\"wp-element-caption\">Bes\u00f8gscenter \u00d8sterild ved Det Nationale Testcenter for Store Vindm\u00f8ller<\/figcaption><\/figure>\n<\/div>\n\n\n\n<div class=\"wp-block-column is-layout-flow wp-block-column-is-layout-flow\">\n<figure class=\"wp-block-image size-large\"><img loading=\"lazy\" decoding=\"async\" width=\"1024\" height=\"768\" src=\"http:\/\/www.baggeskaer.dk\/wp-content\/uploads\/2020\/07\/Thorup_Strand-1024x768.jpg\" alt=\"\" class=\"wp-image-167\" srcset=\"http:\/\/www.baggeskaer.dk\/wp-content\/uploads\/2020\/07\/Thorup_Strand-1024x768.jpg 1024w, http:\/\/www.baggeskaer.dk\/wp-content\/uploads\/2020\/07\/Thorup_Strand-300x225.jpg 300w, http:\/\/www.baggeskaer.dk\/wp-content\/uploads\/2020\/07\/Thorup_Strand-768x576.jpg 768w, http:\/\/www.baggeskaer.dk\/wp-content\/uploads\/2020\/07\/Thorup_Strand-1536x1152.jpg 1536w, http:\/\/www.baggeskaer.dk\/wp-content\/uploads\/2020\/07\/Thorup_Strand-2048x1536.jpg 2048w\" sizes=\"auto, (max-width: 1024px) 100vw, 1024px\" \/><figcaption class=\"wp-element-caption\">Thorup strand<\/figcaption><\/figure>\n\n\n\n<figure class=\"wp-block-image size-large is-resized\"><img loading=\"lazy\" decoding=\"async\" width=\"376\" height=\"264\" src=\"http:\/\/www.baggeskaer.dk\/wp-content\/uploads\/2020\/07\/Lild_Strand.jpg\" alt=\"\" class=\"wp-image-177\" style=\"width:300px;height:210px\" srcset=\"http:\/\/www.baggeskaer.dk\/wp-content\/uploads\/2020\/07\/Lild_Strand.jpg 376w, http:\/\/www.baggeskaer.dk\/wp-content\/uploads\/2020\/07\/Lild_Strand-300x211.jpg 300w\" sizes=\"auto, (max-width: 376px) 100vw, 376px\" \/><figcaption class=\"wp-element-caption\">Lild strand<\/figcaption><\/figure>\n\n\n\n<figure class=\"wp-block-image size-large is-resized\"><img loading=\"lazy\" decoding=\"async\" width=\"1024\" height=\"577\" src=\"http:\/\/www.baggeskaer.dk\/wp-content\/uploads\/2020\/07\/Vejlerne-1024x577.jpg\" alt=\"\" class=\"wp-image-179\" style=\"width:298px;height:167px\" srcset=\"http:\/\/www.baggeskaer.dk\/wp-content\/uploads\/2020\/07\/Vejlerne-1024x577.jpg 1024w, http:\/\/www.baggeskaer.dk\/wp-content\/uploads\/2020\/07\/Vejlerne-300x169.jpg 300w, http:\/\/www.baggeskaer.dk\/wp-content\/uploads\/2020\/07\/Vejlerne-768x433.jpg 768w, http:\/\/www.baggeskaer.dk\/wp-content\/uploads\/2020\/07\/Vejlerne-1536x866.jpg 1536w, http:\/\/www.baggeskaer.dk\/wp-content\/uploads\/2020\/07\/Vejlerne.jpg 1960w\" sizes=\"auto, (max-width: 1024px) 100vw, 1024px\" \/><figcaption class=\"wp-element-caption\">Vejlerne<\/figcaption><\/figure>\n<\/div>\n<\/div>\n","protected":false},"excerpt":{"rendered":"<p>Vores hus ligger midt i storsl\u00e5et og fantastisk natur. Her er nogle steder i n\u00e6rheden, som I bare m\u00e5 opleve:<\/p>\n","protected":false},"author":1,"featured_media":0,"parent":6,"menu_order":0,"comment_status":"closed","ping_status":"closed","template":"","meta":{"footnotes":""},"class_list":["post-176","page","type-page","status-publish","hentry"],"_links":{"self":[{"href":"http:\/\/www.baggeskaer.dk\/index.php?rest_route=\/wp\/v2\/pages\/176","targetHints":{"allow":["GET"]}}],"collection":[{"href":"http:\/\/www.baggeskaer.dk\/index.php?rest_route=\/wp\/v2\/pages"}],"about":[{"href":"http:\/\/www.baggeskaer.dk\/index.php?rest_route=\/wp\/v2\/types\/page"}],"author":[{"embeddable":true,"href":"http:\/\/www.baggeskaer.dk\/index.php?rest_route=\/wp\/v2\/users\/1"}],"replies":[{"embeddable":true,"href":"http:\/\/www.baggeskaer.dk\/index.php?rest_route=%2Fwp%2Fv2%2Fcomments&post=176"}],"version-history":[{"count":8,"href":"http:\/\/www.baggeskaer.dk\/index.php?rest_route=\/wp\/v2\/pages\/176\/revisions"}],"predecessor-version":[{"id":261,"href":"http:\/\/www.baggeskaer.dk\/index.php?rest_route=\/wp\/v2\/pages\/176\/revisions\/261"}],"up":[{"embeddable":true,"href":"http:\/\/www.baggeskaer.dk\/index.php?rest_route=\/wp\/v2\/pages\/6"}],"wp:attachment":[{"href":"http:\/\/www.baggeskaer.dk\/index.php?rest_route=%2Fwp%2Fv2%2Fmedia&parent=176"}],"curies":[{"name":"wp","href":"https:\/\/api.w.org\/{rel}","templated":true}]}}