{"id":203,"date":"2020-07-23T16:05:35","date_gmt":"2020-07-23T16:05:35","guid":{"rendered":"http:\/\/www.baggeskaer.dk\/?page_id=203"},"modified":"2020-07-23T16:21:39","modified_gmt":"2020-07-23T16:21:39","slug":"chromecast","status":"publish","type":"page","link":"http:\/\/www.baggeskaer.dk\/?page_id=203","title":{"rendered":"Chromecast"},"content":{"rendered":"\n<p>Alle vores fjernsyn er udstyret med Chromecast, s\u00e5 du let kan streame dit favoritindhold fra din smartphone eller computer til det foretrukne fjernsyn. Phillips tv&#8217;et i stuen p\u00e5 1. sal er tilsluttet en Chromecast Ultra &#8211; de andre fjernsyn har indbygget Chromecast.<\/p>\n\n\n\n<p>Din streaming kilde skal v\u00e6re p\u00e5 husets wifi for at du kan f\u00e5 forbindelse med sk\u00e6rmene.<\/p>\n","protected":false},"excerpt":{"rendered":"<p>Alle vores fjernsyn er udstyret med Chromecast, s\u00e5 du let kan streame dit favoritindhold fra din smartphone eller computer til det foretrukne fjernsyn. Phillips tv&#8217;et i stuen p\u00e5 1. sal er tilsluttet en Chromecast Ultra &#8211; de andre fjernsyn har <a href=\"http:\/\/www.baggeskaer.dk\/?page_id=203\" class=\"more-link\">Read More<\/a><\/p>\n","protected":false},"author":1,"featured_media":0,"parent":85,"menu_order":0,"comment_status":"closed","ping_status":"closed","template":"","meta":{"footnotes":""},"class_list":["post-203","page","type-page","status-publish","hentry"],"_links":{"self":[{"href":"http:\/\/www.baggeskaer.dk\/index.php?rest_route=\/wp\/v2\/pages\/203","targetHints":{"allow":["GET"]}}],"collection":[{"href":"http:\/\/www.baggeskaer.dk\/index.php?rest_route=\/wp\/v2\/pages"}],"about":[{"href":"http:\/\/www.baggeskaer.dk\/index.php?rest_route=\/wp\/v2\/types\/page"}],"author":[{"embeddable":true,"href":"http:\/\/www.baggeskaer.dk\/index.php?rest_route=\/wp\/v2\/users\/1"}],"replies":[{"embeddable":true,"href":"http:\/\/www.baggeskaer.dk\/index.php?rest_route=%2Fwp%2Fv2%2Fcomments&post=203"}],"version-history":[{"count":2,"href":"http:\/\/www.baggeskaer.dk\/index.php?rest_route=\/wp\/v2\/pages\/203\/revisions"}],"predecessor-version":[{"id":205,"href":"http:\/\/www.baggeskaer.dk\/index.php?rest_route=\/wp\/v2\/pages\/203\/revisions\/205"}],"up":[{"embeddable":true,"href":"http:\/\/www.baggeskaer.dk\/index.php?rest_route=\/wp\/v2\/pages\/85"}],"wp:attachment":[{"href":"http:\/\/www.baggeskaer.dk\/index.php?rest_route=%2Fwp%2Fv2%2Fmedia&parent=203"}],"curies":[{"name":"wp","href":"https:\/\/api.w.org\/{rel}","templated":true}]}}