{"id":221,"date":"2020-08-23T20:51:13","date_gmt":"2020-08-23T20:51:13","guid":{"rendered":"http:\/\/www.baggeskaer.dk\/?page_id=221"},"modified":"2023-08-19T20:45:47","modified_gmt":"2023-08-19T20:45:47","slug":"gas-grill","status":"publish","type":"page","link":"http:\/\/www.baggeskaer.dk\/?page_id=221","title":{"rendered":"Gas grill"},"content":{"rendered":"\n<p>Brug endelig vores gasgrill, der st\u00e5r p\u00e5 terrassen til fri afbenyttelse. Vi vil s\u00e6tte stor pris p\u00e5, at I renser grillen efter brug, s\u00e5 grillen er indbydende for de n\u00e6ste g\u00e6ster.<\/p>\n\n\n\n<p>Vi kan dog ikke garantere, at der er gas i flasken, n\u00e5r I kommer til huset &#8211; I er dog mere end velkomne til at k\u00f8be en ombytningsflaske i f.eks. SuperBrugsen i Fr\u00f8strup. Tag den tomme flaske med, og byt til en fyldt. Det koster ca. 200 kr.<\/p>\n\n\n\n<p>Vi har l\u00e5st grillen fast for at man ikke fristes til at tage grillen med ind under halvtaget &#8211; det er ikke smart med \u00e5ben ild og str\u00e5t\u00e6kt tag&#8230;<\/p>\n","protected":false},"excerpt":{"rendered":"<p>Brug endelig vores gasgrill, der st\u00e5r p\u00e5 terrassen til fri afbenyttelse. Vi vil s\u00e6tte stor pris p\u00e5, at I renser grillen efter brug, s\u00e5 grillen er indbydende for de n\u00e6ste g\u00e6ster. Vi kan dog ikke garantere, at der er gas <a href=\"http:\/\/www.baggeskaer.dk\/?page_id=221\" class=\"more-link\">Read More<\/a><\/p>\n","protected":false},"author":1,"featured_media":0,"parent":158,"menu_order":0,"comment_status":"closed","ping_status":"closed","template":"","meta":{"footnotes":""},"class_list":["post-221","page","type-page","status-publish","hentry"],"_links":{"self":[{"href":"http:\/\/www.baggeskaer.dk\/index.php?rest_route=\/wp\/v2\/pages\/221","targetHints":{"allow":["GET"]}}],"collection":[{"href":"http:\/\/www.baggeskaer.dk\/index.php?rest_route=\/wp\/v2\/pages"}],"about":[{"href":"http:\/\/www.baggeskaer.dk\/index.php?rest_route=\/wp\/v2\/types\/page"}],"author":[{"embeddable":true,"href":"http:\/\/www.baggeskaer.dk\/index.php?rest_route=\/wp\/v2\/users\/1"}],"replies":[{"embeddable":true,"href":"http:\/\/www.baggeskaer.dk\/index.php?rest_route=%2Fwp%2Fv2%2Fcomments&post=221"}],"version-history":[{"count":3,"href":"http:\/\/www.baggeskaer.dk\/index.php?rest_route=\/wp\/v2\/pages\/221\/revisions"}],"predecessor-version":[{"id":251,"href":"http:\/\/www.baggeskaer.dk\/index.php?rest_route=\/wp\/v2\/pages\/221\/revisions\/251"}],"up":[{"embeddable":true,"href":"http:\/\/www.baggeskaer.dk\/index.php?rest_route=\/wp\/v2\/pages\/158"}],"wp:attachment":[{"href":"http:\/\/www.baggeskaer.dk\/index.php?rest_route=%2Fwp%2Fv2%2Fmedia&parent=221"}],"curies":[{"name":"wp","href":"https:\/\/api.w.org\/{rel}","templated":true}]}}