{"id":63,"date":"2020-06-06T08:17:42","date_gmt":"2020-06-06T08:17:42","guid":{"rendered":"http:\/\/www.baggeskaer.dk\/?page_id=63"},"modified":"2020-07-23T15:51:23","modified_gmt":"2020-07-23T15:51:23","slug":"vejledning-til-tcl-smart-tv","status":"publish","type":"page","link":"http:\/\/www.baggeskaer.dk\/?page_id=63","title":{"rendered":"Vejledning til TCL Smart TV"},"content":{"rendered":"\n<p><a href=\"http:\/\/www.baggeskaer.dk\/wp-content\/uploads\/2020\/06\/TV-Livingroom.pdf\" target=\"_blank\" rel=\"noreferrer noopener\">Brugervejledning<\/a><\/p>\n\n\n\n<p><strong>Skift mellem antenne og satellit:<\/strong> TV&#8217;et kan modtage b\u00e5de signal fra antenne (F\u00e5 kanaler, DR) og satellit (Astra, 19,2 \u00d8st &#8211; mange europ\u00e6iske kanaler)<\/p>\n\n\n\n<p><strong>Netflix:<\/strong> Du skal logge p\u00e5 din egen Netflix konto for at kunne streame Netflix, ogs\u00e5 selvom du caster fra f. eks. din mobiltelefon. Husk at slette dine brugerdata, f\u00f8r I rejser fra huset &#8211; se vejledning herunder:<\/p>\n\n\n\n<figure class=\"wp-block-table\"><table class=\"has-fixed-layout\"><tbody><tr><td><img loading=\"lazy\" decoding=\"async\" width=\"350\" height=\"263\" class=\"wp-image-69\" style=\"width: 350px;\" src=\"http:\/\/www.baggeskaer.dk\/wp-content\/uploads\/2020\/06\/IMG_3604.jpg\" alt=\"\" srcset=\"http:\/\/www.baggeskaer.dk\/wp-content\/uploads\/2020\/06\/IMG_3604.jpg 640w, http:\/\/www.baggeskaer.dk\/wp-content\/uploads\/2020\/06\/IMG_3604-300x225.jpg 300w\" sizes=\"auto, (max-width: 350px) 100vw, 350px\" \/><\/td><td>Klik p\u00e5 &#8220;tandhjulet&#8221; i \u00f8verste h\u00f8jre hj\u00f8rne<\/td><\/tr><tr><td><img loading=\"lazy\" decoding=\"async\" width=\"350\" height=\"263\" class=\"wp-image-68\" style=\"width: 350px;\" src=\"http:\/\/www.baggeskaer.dk\/wp-content\/uploads\/2020\/06\/IMG_3603.jpg\" alt=\"\" srcset=\"http:\/\/www.baggeskaer.dk\/wp-content\/uploads\/2020\/06\/IMG_3603.jpg 1024w, http:\/\/www.baggeskaer.dk\/wp-content\/uploads\/2020\/06\/IMG_3603-300x225.jpg 300w, http:\/\/www.baggeskaer.dk\/wp-content\/uploads\/2020\/06\/IMG_3603-768x576.jpg 768w\" sizes=\"auto, (max-width: 350px) 100vw, 350px\" \/><\/td><td>V\u00e6lg Apps<\/td><\/tr><tr><td><img loading=\"lazy\" decoding=\"async\" width=\"350\" height=\"263\" class=\"wp-image-67\" style=\"width: 350px;\" src=\"http:\/\/www.baggeskaer.dk\/wp-content\/uploads\/2020\/06\/IMG_3602.jpg\" alt=\"\" srcset=\"http:\/\/www.baggeskaer.dk\/wp-content\/uploads\/2020\/06\/IMG_3602.jpg 800w, http:\/\/www.baggeskaer.dk\/wp-content\/uploads\/2020\/06\/IMG_3602-300x225.jpg 300w, http:\/\/www.baggeskaer.dk\/wp-content\/uploads\/2020\/06\/IMG_3602-768x576.jpg 768w\" sizes=\"auto, (max-width: 350px) 100vw, 350px\" \/><\/td><td>V\u00e6lg Netflix<\/td><\/tr><tr><td><img loading=\"lazy\" decoding=\"async\" width=\"350\" height=\"263\" class=\"wp-image-66\" style=\"width: 350px;\" src=\"http:\/\/www.baggeskaer.dk\/wp-content\/uploads\/2020\/06\/IMG_3601.jpg\" alt=\"\" srcset=\"http:\/\/www.baggeskaer.dk\/wp-content\/uploads\/2020\/06\/IMG_3601.jpg 1024w, http:\/\/www.baggeskaer.dk\/wp-content\/uploads\/2020\/06\/IMG_3601-300x225.jpg 300w, http:\/\/www.baggeskaer.dk\/wp-content\/uploads\/2020\/06\/IMG_3601-768x576.jpg 768w\" sizes=\"auto, (max-width: 350px) 100vw, 350px\" \/><\/td><td>V\u00e6lg &#8220;Ryd data&#8221;<\/td><\/tr><tr><td><img loading=\"lazy\" decoding=\"async\" width=\"350\" height=\"263\" class=\"wp-image-65\" style=\"width: 350px;\" src=\"http:\/\/www.baggeskaer.dk\/wp-content\/uploads\/2020\/06\/IMG_3600.jpg\" alt=\"\" srcset=\"http:\/\/www.baggeskaer.dk\/wp-content\/uploads\/2020\/06\/IMG_3600.jpg 800w, http:\/\/www.baggeskaer.dk\/wp-content\/uploads\/2020\/06\/IMG_3600-300x225.jpg 300w, http:\/\/www.baggeskaer.dk\/wp-content\/uploads\/2020\/06\/IMG_3600-768x576.jpg 768w\" sizes=\"auto, (max-width: 350px) 100vw, 350px\" \/><\/td><td>Tryk OK <br>Nu er dine personlige login- og brugeroplysninger slettet<\/td><\/tr><tr><td><img loading=\"lazy\" decoding=\"async\" width=\"350\" height=\"263\" class=\"wp-image-70\" style=\"width: 350px;\" src=\"http:\/\/www.baggeskaer.dk\/wp-content\/uploads\/2020\/06\/IMG_3599.jpg\" alt=\"\" srcset=\"http:\/\/www.baggeskaer.dk\/wp-content\/uploads\/2020\/06\/IMG_3599.jpg 800w, http:\/\/www.baggeskaer.dk\/wp-content\/uploads\/2020\/06\/IMG_3599-300x225.jpg 300w, http:\/\/www.baggeskaer.dk\/wp-content\/uploads\/2020\/06\/IMG_3599-768x576.jpg 768w\" sizes=\"auto, (max-width: 350px) 100vw, 350px\" \/><\/td><td><\/td><\/tr><\/tbody><\/table><\/figure>\n\n\n\n<p><a href=\"http:\/\/www.baggeskaer.dk\/wp-content\/uploads\/2020\/06\/IMG_3604.jpg\">Brugermanual til TCL 55&#8243; tv i alrum<\/a><\/p>\n\n\n\n<p><\/p>\n","protected":false},"excerpt":{"rendered":"<p>Brugervejledning Skift mellem antenne og satellit: TV&#8217;et kan modtage b\u00e5de signal fra antenne (F\u00e5 kanaler, DR) og satellit (Astra, 19,2 \u00d8st &#8211; mange europ\u00e6iske kanaler) Netflix: Du skal logge p\u00e5 din egen Netflix konto for at kunne streame Netflix, ogs\u00e5 <a href=\"http:\/\/www.baggeskaer.dk\/?page_id=63\" class=\"more-link\">Read More<\/a><\/p>\n","protected":false},"author":1,"featured_media":0,"parent":85,"menu_order":0,"comment_status":"closed","ping_status":"closed","template":"","meta":{"footnotes":""},"class_list":["post-63","page","type-page","status-publish","hentry"],"_links":{"self":[{"href":"http:\/\/www.baggeskaer.dk\/index.php?rest_route=\/wp\/v2\/pages\/63","targetHints":{"allow":["GET"]}}],"collection":[{"href":"http:\/\/www.baggeskaer.dk\/index.php?rest_route=\/wp\/v2\/pages"}],"about":[{"href":"http:\/\/www.baggeskaer.dk\/index.php?rest_route=\/wp\/v2\/types\/page"}],"author":[{"embeddable":true,"href":"http:\/\/www.baggeskaer.dk\/index.php?rest_route=\/wp\/v2\/users\/1"}],"replies":[{"embeddable":true,"href":"http:\/\/www.baggeskaer.dk\/index.php?rest_route=%2Fwp%2Fv2%2Fcomments&post=63"}],"version-history":[{"count":11,"href":"http:\/\/www.baggeskaer.dk\/index.php?rest_route=\/wp\/v2\/pages\/63\/revisions"}],"predecessor-version":[{"id":197,"href":"http:\/\/www.baggeskaer.dk\/index.php?rest_route=\/wp\/v2\/pages\/63\/revisions\/197"}],"up":[{"embeddable":true,"href":"http:\/\/www.baggeskaer.dk\/index.php?rest_route=\/wp\/v2\/pages\/85"}],"wp:attachment":[{"href":"http:\/\/www.baggeskaer.dk\/index.php?rest_route=%2Fwp%2Fv2%2Fmedia&parent=63"}],"curies":[{"name":"wp","href":"https:\/\/api.w.org\/{rel}","templated":true}]}}