{"id":7,"date":"2020-05-27T18:41:01","date_gmt":"2020-05-27T18:41:01","guid":{"rendered":"http:\/\/www.baggeskaer.dk\/?page_id=7"},"modified":"2023-08-19T20:46:54","modified_gmt":"2023-08-19T20:46:54","slug":"om","status":"publish","type":"page","link":"http:\/\/www.baggeskaer.dk\/?page_id=7","title":{"rendered":"Om"},"content":{"rendered":"\n<p>Vi k\u00f8bte huset i for\u00e5ret 2020 og har siden v\u00e6ret i fuld gang med at modernisere og restaurere huset. <\/p>\n\n\n\n<p>Vi s\u00e6tter stor pris p\u00e5 vores g\u00e6sters feedback, s\u00e5 skriv endelig til os med forslag til forbedringer mv.<\/p>\n","protected":false},"excerpt":{"rendered":"<p>Vi k\u00f8bte huset i for\u00e5ret 2020 og har siden v\u00e6ret i fuld gang med at modernisere og restaurere huset. Vi s\u00e6tter stor pris p\u00e5 vores g\u00e6sters feedback, s\u00e5 skriv endelig til os med forslag til forbedringer mv.<\/p>\n","protected":false},"author":1,"featured_media":0,"parent":0,"menu_order":0,"comment_status":"closed","ping_status":"closed","template":"","meta":{"footnotes":""},"class_list":["post-7","page","type-page","status-publish","hentry"],"_links":{"self":[{"href":"http:\/\/www.baggeskaer.dk\/index.php?rest_route=\/wp\/v2\/pages\/7","targetHints":{"allow":["GET"]}}],"collection":[{"href":"http:\/\/www.baggeskaer.dk\/index.php?rest_route=\/wp\/v2\/pages"}],"about":[{"href":"http:\/\/www.baggeskaer.dk\/index.php?rest_route=\/wp\/v2\/types\/page"}],"author":[{"embeddable":true,"href":"http:\/\/www.baggeskaer.dk\/index.php?rest_route=\/wp\/v2\/users\/1"}],"replies":[{"embeddable":true,"href":"http:\/\/www.baggeskaer.dk\/index.php?rest_route=%2Fwp%2Fv2%2Fcomments&post=7"}],"version-history":[{"count":3,"href":"http:\/\/www.baggeskaer.dk\/index.php?rest_route=\/wp\/v2\/pages\/7\/revisions"}],"predecessor-version":[{"id":252,"href":"http:\/\/www.baggeskaer.dk\/index.php?rest_route=\/wp\/v2\/pages\/7\/revisions\/252"}],"wp:attachment":[{"href":"http:\/\/www.baggeskaer.dk\/index.php?rest_route=%2Fwp%2Fv2%2Fmedia&parent=7"}],"curies":[{"name":"wp","href":"https:\/\/api.w.org\/{rel}","templated":true}]}}